{"id":4091,"date":"2022-09-02T07:30:22","date_gmt":"2022-09-02T05:30:22","guid":{"rendered":"https:\/\/www.svidesign.cz\/about-us\/"},"modified":"2025-11-06T22:41:23","modified_gmt":"2025-11-06T20:41:23","slug":"about-us","status":"publish","type":"page","link":"https:\/\/www.svidesign.cz\/en\/about-us\/","title":{"rendered":"About Us"},"content":{"rendered":"<div class=\"wpb-content-wrapper\"><p>[vc_row el_id=&#8221;edgtf-main-rev-holder&#8221;][vc_column]\n\t\t\t<!-- START Svilen About REVOLUTION SLIDER 6.7.34 --><p class=\"rs-p-wp-fix\"><\/p>\n\t\t\t<rs-module-wrap id=\"rev_slider_6_1_wrapper\" data-source=\"gallery\" style=\"visibility:hidden;background:transparent;padding:0;margin:0px auto;margin-top:0;margin-bottom:0;\">\n\t\t\t\t<rs-module id=\"rev_slider_6_1\" style=\"\" data-version=\"6.7.34\">\n\t\t\t\t\t<rs-slides style=\"overflow: hidden; position: absolute;\">\n\t\t\t\t\t\t<rs-slide style=\"position: absolute;\" data-key=\"rs-13\" data-title=\"Slide\" data-anim=\"adpr:false;\" data-in=\"o:0;\" data-out=\"a:false;\">\n\t\t\t\t\t\t\t<img decoding=\"async\" src=\"\/\/www.svidesign.cz\/wp-content\/plugins\/revslider\/sr6\/assets\/assets\/dummy.png\" alt=\"\" title=\"Svil-about-me-rev-img-1\" width=\"1920\" height=\"606\" class=\"rev-slidebg tp-rs-img rs-lazyload\" data-lazyload=\"\/\/www.svidesign.cz\/wp-content\/uploads\/2022\/08\/Svil-about-me-rev-img-1.jpg\" data-no-retina>\n<!--\n\t\t\t\t\t\t\t--><rs-layer\n\t\t\t\t\t\t\t\tid=\"slider-6-slide-13-layer-1\" \n\t\t\t\t\t\t\t\tdata-type=\"image\"\n\t\t\t\t\t\t\t\tdata-rsp_ch=\"on\"\n\t\t\t\t\t\t\t\tdata-xy=\"xo:471px,302px,127px,29px;yo:81px,96px,106px,26px;\"\n\t\t\t\t\t\t\t\tdata-text=\"l:22;a:inherit;\"\n\t\t\t\t\t\t\t\tdata-dim=\"w:400px,289px,301px,187px;h:450px,325px,339px,210px;\"\n\t\t\t\t\t\t\t\tdata-frame_0=\"x:50px;\"\n\t\t\t\t\t\t\t\tdata-frame_1=\"st:300;sp:600;sR:300;\"\n\t\t\t\t\t\t\t\tdata-frame_999=\"x:-50px;o:0;st:w;sR:8100;\"\n\t\t\t\t\t\t\t\tstyle=\"z-index:5;\"\n\t\t\t\t\t\t\t><img decoding=\"async\" src=\"\/\/www.svidesign.cz\/wp-content\/plugins\/revslider\/sr6\/assets\/assets\/dummy.png\" alt=\"\" class=\"tp-rs-img rs-lazyload\" width=\"400\" height=\"450\" data-lazyload=\"\/\/www.svidesign.cz\/wp-content\/uploads\/revslider\/home-5-rev-1-img-4.png\" data-no-retina> \n\t\t\t\t\t\t\t<\/rs-layer><!--\n\n\t\t\t\t\t\t\t--><rs-layer\n\t\t\t\t\t\t\t\tid=\"slider-6-slide-13-layer-2\" \n\t\t\t\t\t\t\t\tdata-type=\"text\"\n\t\t\t\t\t\t\t\tdata-color=\"#000000\"\n\t\t\t\t\t\t\t\tdata-xy=\"x:l,l,l,c;xo:710px,479px,308px,-16px;y:t,t,t,m;yo:340px,267px,292px,2px;\"\n\t\t\t\t\t\t\t\tdata-text=\"w:normal;s:15,15,15,9;l:25,25,25,18;ls:0,0px,0px,0px;a:inherit;\"\n\t\t\t\t\t\t\t\tdata-dim=\"w:231px,214px,216px,145px;h:27px,auto,76px,19px;\"\n\t\t\t\t\t\t\t\tdata-rsp_bd=\"off\"\n\t\t\t\t\t\t\t\tdata-frame_0=\"x:50px,50px,50px,39px;\"\n\t\t\t\t\t\t\t\tdata-frame_1=\"st:200;sp:600;sR:200;\"\n\t\t\t\t\t\t\t\tdata-frame_999=\"x:-50px,-50px,-50px,-39px;o:0;st:w;sR:8200;\"\n\t\t\t\t\t\t\t\tstyle=\"z-index:6;font-family:'Roboto';\"\n\t\t\t\t\t\t\t>Jsem Creative Director & Design\u00e9r \n\t\t\t\t\t\t\t<\/rs-layer><!--\n-->\t\t\t\t\t<\/rs-slide>\n\t\t\t\t\t\t<rs-slide style=\"position: absolute;\" data-key=\"rs-131\" data-title=\"Slide\" data-anim=\"adpr:false;\" data-in=\"o:0;\" data-out=\"a:false;\">\n\t\t\t\t\t\t\t<img decoding=\"async\" src=\"\/\/www.svidesign.cz\/wp-content\/plugins\/revslider\/sr6\/assets\/assets\/dummy.png\" alt=\"\" title=\"Svil-about-me-rev-img-1\" width=\"1920\" height=\"606\" class=\"rev-slidebg tp-rs-img rs-lazyload\" data-lazyload=\"\/\/www.svidesign.cz\/wp-content\/uploads\/2022\/08\/Svil-about-me-rev-img-1.jpg\" data-no-retina>\n<!--\n\t\t\t\t\t\t\t--><rs-layer\n\t\t\t\t\t\t\t\tid=\"slider-6-slide-131-layer-1\" \n\t\t\t\t\t\t\t\tdata-type=\"image\"\n\t\t\t\t\t\t\t\tdata-rsp_ch=\"on\"\n\t\t\t\t\t\t\t\tdata-xy=\"xo:471px,302px,127px,29px;yo:81px,96px,106px,26px;\"\n\t\t\t\t\t\t\t\tdata-text=\"l:22;a:inherit;\"\n\t\t\t\t\t\t\t\tdata-dim=\"w:400px,289px,301px,187px;h:450px,325px,339px,210px;\"\n\t\t\t\t\t\t\t\tdata-frame_0=\"x:50px;\"\n\t\t\t\t\t\t\t\tdata-frame_1=\"st:300;sp:600;sR:300;\"\n\t\t\t\t\t\t\t\tdata-frame_999=\"x:-50px;o:0;st:w;sR:8100;\"\n\t\t\t\t\t\t\t\tstyle=\"z-index:5;\"\n\t\t\t\t\t\t\t><img decoding=\"async\" src=\"\/\/www.svidesign.cz\/wp-content\/plugins\/revslider\/sr6\/assets\/assets\/dummy.png\" alt=\"\" class=\"tp-rs-img rs-lazyload\" width=\"400\" height=\"450\" data-lazyload=\"\/\/www.svidesign.cz\/wp-content\/uploads\/revslider\/home-5-rev-1-img-4.png\" data-no-retina> \n\t\t\t\t\t\t\t<\/rs-layer><!--\n\n\t\t\t\t\t\t\t--><rs-layer\n\t\t\t\t\t\t\t\tid=\"slider-6-slide-131-layer-2\" \n\t\t\t\t\t\t\t\tdata-type=\"text\"\n\t\t\t\t\t\t\t\tdata-color=\"#000000\"\n\t\t\t\t\t\t\t\tdata-xy=\"x:l,l,l,c;xo:710px,479px,308px,-16px;y:t,t,t,m;yo:340px,267px,292px,2px;\"\n\t\t\t\t\t\t\t\tdata-text=\"w:normal;s:15,15,15,9;l:25,25,25,18;ls:0,0px,0px,0px;a:inherit;\"\n\t\t\t\t\t\t\t\tdata-dim=\"w:231px,214px,216px,145px;h:27px,auto,76px,19px;\"\n\t\t\t\t\t\t\t\tdata-rsp_bd=\"off\"\n\t\t\t\t\t\t\t\tdata-frame_0=\"x:50px,50px,50px,39px;\"\n\t\t\t\t\t\t\t\tdata-frame_1=\"st:200;sp:600;sR:200;\"\n\t\t\t\t\t\t\t\tdata-frame_999=\"x:-50px,-50px,-50px,-39px;o:0;st:w;sR:8200;\"\n\t\t\t\t\t\t\t\tstyle=\"z-index:6;font-family:'Roboto';\"\n\t\t\t\t\t\t\t>Jsem Creative Director & Design\u00e9r \n\t\t\t\t\t\t\t<\/rs-layer><!--\n-->\t\t\t\t\t<\/rs-slide>\n\t\t\t\t\t<\/rs-slides>\n\t\t\t\t<\/rs-module>\n\t\t\t\t<script>\n\t\t\t\t\tsetREVStartSize({c: 'rev_slider_6_1',rl:[1240,1024,778,480],el:[610,500,600,300],gw:[1920,1445,1025,480],gh:[610,500,600,300],type:'standard',justify:'',layout:'fullwidth',mh:\"0\"});if (window.RS_MODULES!==undefined && window.RS_MODULES.modules!==undefined && window.RS_MODULES.modules[\"revslider61\"]!==undefined) {window.RS_MODULES.modules[\"revslider61\"].once = false;window.revapi6 = undefined;if (window.RS_MODULES.checkMinimal!==undefined) window.RS_MODULES.checkMinimal()}\n\t\t\t\t<\/script>\n\t\t\t<\/rs-module-wrap>\n\t\t\t<!-- END REVOLUTION SLIDER -->\n[\/vc_column][\/vc_row][vc_row row_content_width=&#8221;grid&#8221; css=&#8221;.vc_custom_1527158236440{padding-top: 47px !important;padding-bottom: 70px !important;}&#8221;][vc_column offset=&#8221;vc_col-lg-6 vc_col-md-12&#8243;]<div class=\"edgtf-elements-holder   edgtf-one-column  edgtf-responsive-mode-768 \" ><div class=\"edgtf-eh-item    \"  data-item-class=\"edgtf-eh-custom-4972\" data-1367-1600=\"80px 13px 0 0px\" data-1025-1366=\"80px 13px 0 0px\" data-769-1024=\"80px 13px 0 0px\" data-681-768=\"45px 13px 0 0px\" data-680=\"45px 0 0 0\">\n    <div class=\"edgtf-eh-item-inner\">\n        <div class=\"edgtf-eh-item-content edgtf-eh-custom-4972\" style=\"padding: 80px 13px 0 0px\">\n            <div class=\"edgtf-section-title-holder  edgtf-st-standard edgtf-st-title-left edgtf-st-normal-space \" >\n    <div class=\"edgtf-st-inner\">\n                <h1 class=\"edgtf-st-title\" >\n        Who am I<br \/> perceived to be?    <\/h1>\n            <p class=\"edgtf-st-text\" style=\"margin-top: 30px\">\n    I am Svil, originally from Bulgaria, but I have been living in Prague since 2007. I graduated from a secondary school of applied arts specializing in ceramics, after which I continued at the National Academy of Arts in Sofia and studied porcelain and glass design. While studying, I started working at my first advertising agency, and at that moment, I knew this was exactly my path. I have worked in both large and small agencies and gained valuable industry experience. At Ogilvy, I also met my wife, who perfectly complemented my life journey.<\/p>\n<\/div>\n<\/div><div class=\"edgtf-section-title-holder  edgtf-st-standard edgtf-st-title-left edgtf-st-normal-space \" >\n    <div class=\"edgtf-st-inner\">\n                <p class=\"edgtf-st-text\" style=\"margin-top: 30px\">\n    What do I enjoy most about my work? Probably connecting art with design and advertising. And finding and seeing something deeper behind every project.<\/p>\n<\/div>\n<\/div><div class=\"edgtf-section-title-holder  edgtf-st-standard edgtf-st-title-left edgtf-st-normal-space \" >\n    <div class=\"edgtf-st-inner\">\n                <p class=\"edgtf-st-text\" style=\"margin-top: 30px\">\n    Agencies: Ogilvy | Publicis Groupe | WMC\/Grey | EFFE Prague<\/p>\n<\/div>\n<\/div>[vc_empty_space height=&#8221;50px&#8221;]        <\/div>\n    <\/div>\n<\/div><\/div>[\/vc_column][vc_column offset=&#8221;vc_col-lg-6 vc_col-md-12&#8243;][\/vc_column][\/vc_row][vc_row][vc_column]\n\t\t\t<!-- START Klara About REVOLUTION SLIDER 6.7.34 --><p class=\"rs-p-wp-fix\"><\/p>\n\t\t\t<rs-module-wrap id=\"rev_slider_1_2_wrapper\" data-source=\"gallery\" style=\"visibility:hidden;background:transparent;padding:0;margin:0px auto;margin-top:0;margin-bottom:0;\">\n\t\t\t\t<rs-module id=\"rev_slider_1_2\" style=\"\" data-version=\"6.7.34\">\n\t\t\t\t\t<rs-slides style=\"overflow: hidden; position: absolute;\">\n\t\t\t\t\t\t<rs-slide style=\"position: absolute;\" data-key=\"rs-1\" data-title=\"Slide\" data-anim=\"adpr:false;\" data-in=\"o:0;\" data-out=\"a:false;\">\n\t\t\t\t\t\t\t<img decoding=\"async\" src=\"\/\/www.svidesign.cz\/wp-content\/plugins\/revslider\/sr6\/assets\/assets\/dummy.png\" alt=\"\" title=\"Klara-about-me-rev-img-1\" width=\"1920\" height=\"606\" class=\"rev-slidebg tp-rs-img rs-lazyload\" data-lazyload=\"\/\/www.svidesign.cz\/wp-content\/uploads\/2022\/09\/Klara-about-me-rev-img-1.jpg\" data-no-retina>\n<!--\n\t\t\t\t\t\t\t--><rs-layer\n\t\t\t\t\t\t\t\tid=\"slider-1-slide-1-layer-1\" \n\t\t\t\t\t\t\t\tdata-type=\"image\"\n\t\t\t\t\t\t\t\tdata-rsp_ch=\"on\"\n\t\t\t\t\t\t\t\tdata-xy=\"xo:443px,311px,186px,15px;yo:57px,106px,167px,51px;\"\n\t\t\t\t\t\t\t\tdata-text=\"l:22;a:inherit;\"\n\t\t\t\t\t\t\t\tdata-dim=\"w:400px,266px,255px,214px;h:450px,299px,287px,241px;\"\n\t\t\t\t\t\t\t\tdata-frame_0=\"x:50px;\"\n\t\t\t\t\t\t\t\tdata-frame_1=\"st:300;sp:600;sR:300;\"\n\t\t\t\t\t\t\t\tdata-frame_999=\"x:-50px;o:0;st:w;sR:8100;\"\n\t\t\t\t\t\t\t\tstyle=\"z-index:5;\"\n\t\t\t\t\t\t\t><img decoding=\"async\" src=\"\/\/www.svidesign.cz\/wp-content\/plugins\/revslider\/sr6\/assets\/assets\/dummy.png\" alt=\"\" class=\"tp-rs-img rs-lazyload\" width=\"400\" height=\"450\" data-lazyload=\"\/\/www.svidesign.cz\/wp-content\/uploads\/revslider\/home-5-rev-1-img-4.png\" data-no-retina> \n\t\t\t\t\t\t\t<\/rs-layer><!--\n\n\t\t\t\t\t\t\t--><rs-layer\n\t\t\t\t\t\t\t\tid=\"slider-1-slide-1-layer-2\" \n\t\t\t\t\t\t\t\tdata-type=\"text\"\n\t\t\t\t\t\t\t\tdata-color=\"#000000\"\n\t\t\t\t\t\t\t\tdata-xy=\"x:l,l,l,c;xo:678px,479px,332px,-9px;y:t,t,t,m;yo:314px,267px,321px,45px;\"\n\t\t\t\t\t\t\t\tdata-text=\"w:normal;s:15,15,15,9;l:25,25,25,17;a:inherit;\"\n\t\t\t\t\t\t\t\tdata-dim=\"w:226px,265px,261px,156px;h:auto,auto,76px,auto;\"\n\t\t\t\t\t\t\t\tdata-rsp_bd=\"off\"\n\t\t\t\t\t\t\t\tdata-frame_0=\"x:50px,50px,50px,37px;\"\n\t\t\t\t\t\t\t\tdata-frame_1=\"x:0,0,0,0px;y:0,0,0,0px;st:200;sp:600;sR:200;\"\n\t\t\t\t\t\t\t\tdata-frame_999=\"x:-50px,-50px,-50px,-37px;o:0;st:w;sR:8200;\"\n\t\t\t\t\t\t\t\tstyle=\"z-index:6;font-family:'Roboto';\"\n\t\t\t\t\t\t\t>Jsem Account \n& Content Director \n\t\t\t\t\t\t\t<\/rs-layer><!--\n-->\t\t\t\t\t<\/rs-slide>\n\t\t\t\t\t\t<rs-slide style=\"position: absolute;\" data-key=\"rs-11\" data-title=\"Slide\" data-anim=\"adpr:false;\" data-in=\"o:0;\" data-out=\"a:false;\">\n\t\t\t\t\t\t\t<img decoding=\"async\" src=\"\/\/www.svidesign.cz\/wp-content\/plugins\/revslider\/sr6\/assets\/assets\/dummy.png\" alt=\"\" title=\"Klara-about-me-rev-img-1\" width=\"1920\" height=\"606\" class=\"rev-slidebg tp-rs-img rs-lazyload\" data-lazyload=\"\/\/www.svidesign.cz\/wp-content\/uploads\/2022\/09\/Klara-about-me-rev-img-1.jpg\" data-no-retina>\n<!--\n\t\t\t\t\t\t\t--><rs-layer\n\t\t\t\t\t\t\t\tid=\"slider-1-slide-11-layer-1\" \n\t\t\t\t\t\t\t\tdata-type=\"image\"\n\t\t\t\t\t\t\t\tdata-rsp_ch=\"on\"\n\t\t\t\t\t\t\t\tdata-xy=\"xo:443px,311px,186px,15px;yo:57px,106px,167px,51px;\"\n\t\t\t\t\t\t\t\tdata-text=\"l:22;a:inherit;\"\n\t\t\t\t\t\t\t\tdata-dim=\"w:400px,266px,255px,214px;h:450px,299px,287px,241px;\"\n\t\t\t\t\t\t\t\tdata-frame_0=\"x:50px;\"\n\t\t\t\t\t\t\t\tdata-frame_1=\"st:300;sp:600;sR:300;\"\n\t\t\t\t\t\t\t\tdata-frame_999=\"x:-50px;o:0;st:w;sR:8100;\"\n\t\t\t\t\t\t\t\tstyle=\"z-index:5;\"\n\t\t\t\t\t\t\t><img decoding=\"async\" src=\"\/\/www.svidesign.cz\/wp-content\/plugins\/revslider\/sr6\/assets\/assets\/dummy.png\" alt=\"\" class=\"tp-rs-img rs-lazyload\" width=\"400\" height=\"450\" data-lazyload=\"\/\/www.svidesign.cz\/wp-content\/uploads\/revslider\/home-5-rev-1-img-4.png\" data-no-retina> \n\t\t\t\t\t\t\t<\/rs-layer><!--\n\n\t\t\t\t\t\t\t--><rs-layer\n\t\t\t\t\t\t\t\tid=\"slider-1-slide-11-layer-2\" \n\t\t\t\t\t\t\t\tdata-type=\"text\"\n\t\t\t\t\t\t\t\tdata-color=\"#000000\"\n\t\t\t\t\t\t\t\tdata-xy=\"x:l,l,l,c;xo:678px,479px,332px,-9px;y:t,t,t,m;yo:314px,267px,321px,45px;\"\n\t\t\t\t\t\t\t\tdata-text=\"w:normal;s:15,15,15,9;l:25,25,25,17;a:inherit;\"\n\t\t\t\t\t\t\t\tdata-dim=\"w:226px,265px,261px,156px;h:auto,auto,76px,auto;\"\n\t\t\t\t\t\t\t\tdata-rsp_bd=\"off\"\n\t\t\t\t\t\t\t\tdata-frame_0=\"x:50px,50px,50px,37px;\"\n\t\t\t\t\t\t\t\tdata-frame_1=\"x:0,0,0,0px;y:0,0,0,0px;st:200;sp:600;sR:200;\"\n\t\t\t\t\t\t\t\tdata-frame_999=\"x:-50px,-50px,-50px,-37px;o:0;st:w;sR:8200;\"\n\t\t\t\t\t\t\t\tstyle=\"z-index:6;font-family:'Roboto';\"\n\t\t\t\t\t\t\t>Jsem Account \n& Content Director \n\t\t\t\t\t\t\t<\/rs-layer><!--\n-->\t\t\t\t\t<\/rs-slide>\n\t\t\t\t\t<\/rs-slides>\n\t\t\t\t<\/rs-module>\n\t\t\t\t<script>\n\t\t\t\t\tsetREVStartSize({c: 'rev_slider_1_2',rl:[1240,1024,778,480],el:[610,500,600,300],gw:[1920,1445,1025,480],gh:[610,500,600,300],type:'standard',justify:'',layout:'fullwidth',mh:\"0\"});if (window.RS_MODULES!==undefined && window.RS_MODULES.modules!==undefined && window.RS_MODULES.modules[\"revslider12\"]!==undefined) {window.RS_MODULES.modules[\"revslider12\"].once = false;window.revapi1 = undefined;if (window.RS_MODULES.checkMinimal!==undefined) window.RS_MODULES.checkMinimal()}\n\t\t\t\t<\/script>\n\t\t\t<\/rs-module-wrap>\n\t\t\t<!-- END REVOLUTION SLIDER -->\n[\/vc_column][\/vc_row][vc_row row_content_width=&#8221;grid&#8221; css=&#8221;.vc_custom_1527158236440{padding-top: 47px !important;padding-bottom: 70px !important;}&#8221;][vc_column offset=&#8221;vc_col-lg-6 vc_col-md-12&#8243;]<div class=\"edgtf-elements-holder   edgtf-one-column  edgtf-responsive-mode-768 \" ><div class=\"edgtf-eh-item    \"  data-item-class=\"edgtf-eh-custom-5139\" data-1367-1600=\"80px 13px 0 0px\" data-1025-1366=\"80px 13px 0 0px\" data-769-1024=\"80px 13px 0 0px\" data-681-768=\"45px 13px 0 0px\" data-680=\"45px 0 0 0\">\n    <div class=\"edgtf-eh-item-inner\">\n        <div class=\"edgtf-eh-item-content edgtf-eh-custom-5139\" style=\"padding: 80px 13px 0 0px\">\n            <div class=\"edgtf-section-title-holder  edgtf-st-standard edgtf-st-title-left edgtf-st-normal-space \" >\n    <div class=\"edgtf-st-inner\">\n                <h1 class=\"edgtf-st-title\" >\n        You can't<br \/> stop the waves, but you can learn to surf.    <\/h1>\n            <p class=\"edgtf-st-text\" style=\"margin-top: 30px\">\n    My name is Kl\u00e1ra and I come from Trutnov in the Krkono\u0161e Mountains. I graduated from a private secondary business school specializing in trade and services. I come from a family of photographers, so I have been involved in the world of marketing and advertising since childhood. At the age of 30, I moved to Prague and started working at Komer\u010dn\u00ed banka as a marketing specialist. I knew that advertising was exactly the field I wanted to pursue forever, but I was more drawn to the agency side. Throughout my career, I have worked in several international agencies such as Ogilvy, Publicis, and McCann, and I was fortunate to work with interesting clients like Vodafone, Air Bank, Sanofi, and Nestl\u00e9. At Ogilvy, I also met Svil, and everything started to make even more sense. My last stop was the Brandmark agency, where I moved from ATL and BTL to branding, social media, and online communication. Here too, I took care of beautiful clients such as \u010cerstv\u011b utr\u017eeno, Pragovka, Grandhotel Pupp, B.U, Tridimolej.cz, and others.<\/p>\n<\/div>\n<\/div><div class=\"edgtf-section-title-holder  edgtf-st-standard edgtf-st-title-left edgtf-st-normal-space \" >\n    <div class=\"edgtf-st-inner\">\n                <p class=\"edgtf-st-text\" style=\"margin-top: 30px\">\n    What do I enjoy most about my work? Probably the fact that it's about communication. I enjoy connecting two worlds, creative and client, and I'm happiest when something unique emerges from it in the end.<\/p>\n<\/div>\n<\/div>[vc_empty_space height=&#8221;50px&#8221;]        <\/div>\n    <\/div>\n<\/div><\/div>[\/vc_column][vc_column offset=&#8221;vc_col-lg-6 vc_col-md-12&#8243;][\/vc_column][\/vc_row]<\/p>\n<\/div>","protected":false},"excerpt":{"rendered":"<p>[vc_row el_id=&#8221;edgtf-main-rev-holder&#8221;][vc_column][\/vc_column][\/vc_row][vc_row row_content_width=&#8221;grid&#8221; css=&#8221;.vc_custom_1527158236440{padding-top: 47px !important;padding-bottom: 70px !important;}&#8221;][vc_column offset=&#8221;vc_col-lg-6 vc_col-md-12&#8243;][\/vc_column][vc_column offset=&#8221;vc_col-lg-6 vc_col-md-12&#8243;][\/vc_column][\/vc_row][vc_row][vc_column][\/vc_column][\/vc_row][vc_row row_content_width=&#8221;grid&#8221; css=&#8221;.vc_custom_1527158236440{padding-top: 47px !important;padding-bottom: 70px !important;}&#8221;][vc_column offset=&#8221;vc_col-lg-6 vc_col-md-12&#8243;][\/vc_column][vc_column offset=&#8221;vc_col-lg-6 vc_col-md-12&#8243;][\/vc_column][\/vc_row]<\/p>\n","protected":false},"author":1,"featured_media":0,"parent":0,"menu_order":0,"comment_status":"closed","ping_status":"closed","template":"full-width.php","meta":{"footnotes":""},"class_list":["post-4091","page","type-page","status-publish","hentry"],"_links":{"self":[{"href":"https:\/\/www.svidesign.cz\/en\/wp-json\/wp\/v2\/pages\/4091","targetHints":{"allow":["GET"]}}],"collection":[{"href":"https:\/\/www.svidesign.cz\/en\/wp-json\/wp\/v2\/pages"}],"about":[{"href":"https:\/\/www.svidesign.cz\/en\/wp-json\/wp\/v2\/types\/page"}],"author":[{"embeddable":true,"href":"https:\/\/www.svidesign.cz\/en\/wp-json\/wp\/v2\/users\/1"}],"replies":[{"embeddable":true,"href":"https:\/\/www.svidesign.cz\/en\/wp-json\/wp\/v2\/comments?post=4091"}],"version-history":[{"count":2,"href":"https:\/\/www.svidesign.cz\/en\/wp-json\/wp\/v2\/pages\/4091\/revisions"}],"predecessor-version":[{"id":4093,"href":"https:\/\/www.svidesign.cz\/en\/wp-json\/wp\/v2\/pages\/4091\/revisions\/4093"}],"wp:attachment":[{"href":"https:\/\/www.svidesign.cz\/en\/wp-json\/wp\/v2\/media?parent=4091"}],"curies":[{"name":"wp","href":"https:\/\/api.w.org\/{rel}","templated":true}]}}